{"id":11,"date":"2026-02-23T08:36:21","date_gmt":"2026-02-23T07:36:21","guid":{"rendered":"https:\/\/satoko-zen-dojo.org\/?page_id=11"},"modified":"2026-02-23T18:23:37","modified_gmt":"2026-02-23T17:23:37","slug":"soon","status":"publish","type":"page","link":"https:\/\/satoko-zen-dojo.org\/","title":{"rendered":"Soon\u2026"},"content":{"rendered":"\n<div class=\"wp-block-group has-global-padding is-layout-constrained wp-block-group-is-layout-constrained\">\n<p style=\"margin-left:0;padding-left:var(--wp--preset--spacing--40)\"><em>Hallo.<\/em><\/p>\n<\/div>\n\n\n\n<p>Diese Website ist am Entstehen. Das Satoko Zen Dojo ist noch ganz neu. Es ist ein Ort der Stille und der Begegnung. Hier versuchen wir, zur Ruhe zu kommen und den gegenw\u00e4rtigen Augenblick unvoreingenommen wertzusch\u00e4tzen.<\/p>\n\n\n\n<p>Bald werden wir dich \u00fcber bevorstehende Veranstaltungen informieren. Schreib uns einfach eine Mail, wenn du auf dem Laufenden bleiben m\u00f6chtest.<\/p>\n\n\n\n<p>Herzliche Gr\u00fcsse, Miriam und Gen<br><a href=\"mailto:info@satoko-zen-dojo.org\">info@satoko-zen-dojo.org<\/a><\/p>\n\n\n\n<p class=\"has-small-font-size\" style=\"margin-top:var(--wp--preset--spacing--50)\"><a href=\"https:\/\/satoko-zen-dojo.org\/?page_id=19&amp;lang=en\" data-type=\"page\" data-id=\"19\">English Version<\/a><\/p>\n","protected":false},"excerpt":{"rendered":"<p>Hallo. Diese Website ist am Entstehen. Das Satoko Zen Dojo ist noch ganz neu. Es ist ein Ort der Stille und der Begegnung. Hier versuchen wir, zur Ruhe zu kommen und den gegenw\u00e4rtigen Augenblick unvoreingenommen wertzusch\u00e4tzen. Bald werden wir dich \u00fcber bevorstehende Veranstaltungen informieren. Schreib uns einfach eine Mail, wenn du auf dem Laufenden bleiben [&hellip;]<\/p>\n","protected":false},"author":1,"featured_media":0,"parent":0,"menu_order":0,"comment_status":"closed","ping_status":"closed","template":"","meta":{"footnotes":""},"class_list":["post-11","page","type-page","status-publish","hentry"],"_links":{"self":[{"href":"https:\/\/satoko-zen-dojo.org\/index.php?rest_route=\/wp\/v2\/pages\/11","targetHints":{"allow":["GET"]}}],"collection":[{"href":"https:\/\/satoko-zen-dojo.org\/index.php?rest_route=\/wp\/v2\/pages"}],"about":[{"href":"https:\/\/satoko-zen-dojo.org\/index.php?rest_route=\/wp\/v2\/types\/page"}],"author":[{"embeddable":true,"href":"https:\/\/satoko-zen-dojo.org\/index.php?rest_route=\/wp\/v2\/users\/1"}],"replies":[{"embeddable":true,"href":"https:\/\/satoko-zen-dojo.org\/index.php?rest_route=%2Fwp%2Fv2%2Fcomments&post=11"}],"version-history":[{"count":10,"href":"https:\/\/satoko-zen-dojo.org\/index.php?rest_route=\/wp\/v2\/pages\/11\/revisions"}],"predecessor-version":[{"id":49,"href":"https:\/\/satoko-zen-dojo.org\/index.php?rest_route=\/wp\/v2\/pages\/11\/revisions\/49"}],"wp:attachment":[{"href":"https:\/\/satoko-zen-dojo.org\/index.php?rest_route=%2Fwp%2Fv2%2Fmedia&parent=11"}],"curies":[{"name":"wp","href":"https:\/\/api.w.org\/{rel}","templated":true}]}}